{"id":27268,"date":"2025-05-11T16:21:25","date_gmt":"2025-05-11T14:21:25","guid":{"rendered":"https:\/\/alacroiseedesstyles.fr\/?page_id=27268"},"modified":"2025-05-15T13:00:27","modified_gmt":"2025-05-15T11:00:27","slug":"accueil-2","status":"publish","type":"page","link":"https:\/\/alacroiseedesstyles.fr\/?page_id=27268","title":{"rendered":"A propos"},"content":{"rendered":"\t\t<div data-elementor-type=\"wp-page\" data-elementor-id=\"27268\" class=\"elementor elementor-27268\">\n\t\t\t\t<div class=\"elementor-element elementor-element-34bfde95 e-flex e-con-boxed e-con e-parent\" data-id=\"34bfde95\" data-element_type=\"container\">\n\t\t\t\t\t<div class=\"e-con-inner\">\n\t\t\t\t<div class=\"elementor-element elementor-element-7098ed1d elementor-widget elementor-widget-text-editor\" data-id=\"7098ed1d\" data-element_type=\"widget\" data-widget_type=\"text-editor.default\">\n\t\t\t\t<div class=\"elementor-widget-container\">\n\t\t\t\t\t\t\t\t\t\n<h1><strong>Bienvenue \u00e0 la Crois\u00e9e des Styles !<\/strong><\/h1>\n<p>Boutique familiale cr\u00e9\u00e9e le 1er Avril 2011 par Liliane.<\/p>\n<p>De m\u00e8re en filles et petite-fille, ces passionn\u00e9es vous apporteront un conseil de qualit\u00e9 pour des produits de qualit\u00e9.<\/p>\n<p>Elles vous proposent un large choix de v\u00eatements pour tous \u00e2ges et toutes tailles aussi bien pour les femmes (du 36 au 56) que pour les hommes (du S au 6XL).<\/p>\n<p>Liliane, Tatiana, V\u00e9ronique et Lisa vous souhaitent une bonne visite sur leur site et sont impatientes de vous accueillir \u00e0 la boutique.<\/p>\n<p>A tr\u00e8s bient\u00f4t !<\/p>\n\t\t\t\t\t\t\t\t<\/div>\n\t\t\t\t<\/div>\n\t\t\t\t\t<\/div>\n\t\t\t\t<\/div>\n\t\t<div class=\"elementor-element elementor-element-3eda8b6 e-flex e-con-boxed e-con e-parent\" data-id=\"3eda8b6\" data-element_type=\"container\">\n\t\t\t\t\t<div class=\"e-con-inner\">\n\t\t\t\t<div class=\"elementor-element elementor-element-d97c57d elementor-widget elementor-widget-image\" data-id=\"d97c57d\" data-element_type=\"widget\" data-widget_type=\"image.default\">\n\t\t\t\t<div class=\"elementor-widget-container\">\n\t\t\t\t\t\t\t\t\t\t\t\t\t\t\t<img fetchpriority=\"high\" decoding=\"async\" width=\"986\" height=\"1024\" src=\"https:\/\/alacroiseedesstyles.fr\/wp-content\/uploads\/2024\/04\/cropped-af695a27-cbd7-4e56-9d04-a7cdffb94e8b-2-986x1024.jpeg\" class=\"attachment-large size-large wp-image-23940\" alt=\"\" srcset=\"https:\/\/alacroiseedesstyles.fr\/wp-content\/uploads\/2024\/04\/cropped-af695a27-cbd7-4e56-9d04-a7cdffb94e8b-2-986x1024.jpeg 986w, https:\/\/alacroiseedesstyles.fr\/wp-content\/uploads\/2024\/04\/cropped-af695a27-cbd7-4e56-9d04-a7cdffb94e8b-2-600x623.jpeg 600w, https:\/\/alacroiseedesstyles.fr\/wp-content\/uploads\/2024\/04\/cropped-af695a27-cbd7-4e56-9d04-a7cdffb94e8b-2-289x300.jpeg 289w, https:\/\/alacroiseedesstyles.fr\/wp-content\/uploads\/2024\/04\/cropped-af695a27-cbd7-4e56-9d04-a7cdffb94e8b-2-768x798.jpeg 768w, https:\/\/alacroiseedesstyles.fr\/wp-content\/uploads\/2024\/04\/cropped-af695a27-cbd7-4e56-9d04-a7cdffb94e8b-2-1478x1536.jpeg 1478w, https:\/\/alacroiseedesstyles.fr\/wp-content\/uploads\/2024\/04\/cropped-af695a27-cbd7-4e56-9d04-a7cdffb94e8b-2-750x779.jpeg 750w, https:\/\/alacroiseedesstyles.fr\/wp-content\/uploads\/2024\/04\/cropped-af695a27-cbd7-4e56-9d04-a7cdffb94e8b-2-400x416.jpeg 400w, https:\/\/alacroiseedesstyles.fr\/wp-content\/uploads\/2024\/04\/cropped-af695a27-cbd7-4e56-9d04-a7cdffb94e8b-2-430x447.jpeg 430w, https:\/\/alacroiseedesstyles.fr\/wp-content\/uploads\/2024\/04\/cropped-af695a27-cbd7-4e56-9d04-a7cdffb94e8b-2-150x156.jpeg 150w, https:\/\/alacroiseedesstyles.fr\/wp-content\/uploads\/2024\/04\/cropped-af695a27-cbd7-4e56-9d04-a7cdffb94e8b-2-100x104.jpeg 100w, https:\/\/alacroiseedesstyles.fr\/wp-content\/uploads\/2024\/04\/cropped-af695a27-cbd7-4e56-9d04-a7cdffb94e8b-2.jpeg 1920w\" sizes=\"(max-width: 986px) 100vw, 986px\" \/>\t\t\t\t\t\t\t\t\t\t\t\t\t\t\t<\/div>\n\t\t\t\t<\/div>\n\t\t\t\t\t<\/div>\n\t\t\t\t<\/div>\n\t\t<div class=\"elementor-element elementor-element-0828551 e-flex e-con-boxed e-con e-parent\" data-id=\"0828551\" data-element_type=\"container\">\n\t\t\t\t\t<div class=\"e-con-inner\">\n\t\t\t\t<div class=\"elementor-element elementor-element-3d1fe0b elementor-align-center e-transform elementor-widget elementor-widget-button\" data-id=\"3d1fe0b\" data-element_type=\"widget\" data-settings=\"{&quot;_animation&quot;:&quot;none&quot;,&quot;_transform_rotateZ_effect&quot;:{&quot;unit&quot;:&quot;px&quot;,&quot;size&quot;:0,&quot;sizes&quot;:[]},&quot;_transform_rotateZ_effect_tablet&quot;:{&quot;unit&quot;:&quot;deg&quot;,&quot;size&quot;:&quot;&quot;,&quot;sizes&quot;:[]},&quot;_transform_rotateZ_effect_mobile&quot;:{&quot;unit&quot;:&quot;deg&quot;,&quot;size&quot;:&quot;&quot;,&quot;sizes&quot;:[]}}\" data-widget_type=\"button.default\">\n\t\t\t\t<div class=\"elementor-widget-container\">\n\t\t\t\t\t\t\t\t\t<div class=\"elementor-button-wrapper\">\n\t\t\t\t\t<a class=\"elementor-button elementor-button-link elementor-size-sm\" href=\"https:\/\/alacroiseedesstyles.fr\/?page_id=27264\" target=\"_blank\">\n\t\t\t\t\t\t<span class=\"elementor-button-content-wrapper\">\n\t\t\t\t\t\t\t\t\t<span class=\"elementor-button-text\">Entrez dans notre boutique<\/span>\n\t\t\t\t\t<\/span>\n\t\t\t\t\t<\/a>\n\t\t\t\t<\/div>\n\t\t\t\t\t\t\t\t<\/div>\n\t\t\t\t<\/div>\n\t\t\t\t\t<\/div>\n\t\t\t\t<\/div>\n\t\t\t\t<\/div>\n\t\t","protected":false},"excerpt":{"rendered":"<p>Bienvenue \u00e0 la Crois\u00e9e des Styles ! Boutique familiale cr\u00e9\u00e9e le 1er Avril 2011 par Liliane. De m\u00e8re en filles et petite-fille, ces passionn\u00e9es vous apporteront un conseil de qualit\u00e9 pour des produits de qualit\u00e9. Elles vous proposent un large choix de v\u00eatements pour tous \u00e2ges et toutes tailles aussi bien pour les femmes (du &hellip; <\/p>\n","protected":false},"author":1,"featured_media":0,"parent":0,"menu_order":1,"comment_status":"closed","ping_status":"closed","template":"","meta":{"footnotes":""},"class_list":["post-27268","page","type-page","status-publish","hentry"],"_links":{"self":[{"href":"https:\/\/alacroiseedesstyles.fr\/index.php?rest_route=\/wp\/v2\/pages\/27268","targetHints":{"allow":["GET"]}}],"collection":[{"href":"https:\/\/alacroiseedesstyles.fr\/index.php?rest_route=\/wp\/v2\/pages"}],"about":[{"href":"https:\/\/alacroiseedesstyles.fr\/index.php?rest_route=\/wp\/v2\/types\/page"}],"author":[{"embeddable":true,"href":"https:\/\/alacroiseedesstyles.fr\/index.php?rest_route=\/wp\/v2\/users\/1"}],"replies":[{"embeddable":true,"href":"https:\/\/alacroiseedesstyles.fr\/index.php?rest_route=%2Fwp%2Fv2%2Fcomments&post=27268"}],"version-history":[{"count":28,"href":"https:\/\/alacroiseedesstyles.fr\/index.php?rest_route=\/wp\/v2\/pages\/27268\/revisions"}],"predecessor-version":[{"id":27474,"href":"https:\/\/alacroiseedesstyles.fr\/index.php?rest_route=\/wp\/v2\/pages\/27268\/revisions\/27474"}],"wp:attachment":[{"href":"https:\/\/alacroiseedesstyles.fr\/index.php?rest_route=%2Fwp%2Fv2%2Fmedia&parent=27268"}],"curies":[{"name":"wp","href":"https:\/\/api.w.org\/{rel}","templated":true}]}}